{"id":598,"date":"2025-09-04T16:24:23","date_gmt":"2025-09-04T14:24:23","guid":{"rendered":"https:\/\/liquid-check-info.si-elektronik.de\/?page_id=598"},"modified":"2025-09-04T16:24:24","modified_gmt":"2025-09-04T14:24:24","slug":"neu","status":"publish","type":"page","link":"https:\/\/liquid-check-info.si-elektronik.de\/en\/neu","title":{"rendered":"NEU"},"content":{"rendered":"\n<h3 style=\"text-align: left;\">Liquid-Check SM2 Multi-Kanal IP64<\/h3>\n<p style=\"text-align: left;\">NEU! Weitere Infos auf Anfrage<\/p>\n\n\n\n<p><img decoding=\"async\" loading=\"lazy\" class=\"alignnone  wp-image-602 alignleft\" src=\"https:\/\/liquid-check-info.si-elektronik.de\/wp-content\/uploads\/2025\/09\/lc2-handy-kombi-b-300x225.png\" alt=\"\" width=\"535\" height=\"401\" srcset=\"https:\/\/liquid-check-info.si-elektronik.de\/wp-content\/uploads\/2025\/09\/lc2-handy-kombi-b-300x225.png 300w, https:\/\/liquid-check-info.si-elektronik.de\/wp-content\/uploads\/2025\/09\/lc2-handy-kombi-b-1024x768.png 1024w, https:\/\/liquid-check-info.si-elektronik.de\/wp-content\/uploads\/2025\/09\/lc2-handy-kombi-b-768x576.png 768w, https:\/\/liquid-check-info.si-elektronik.de\/wp-content\/uploads\/2025\/09\/lc2-handy-kombi-b-1536x1152.png 1536w, https:\/\/liquid-check-info.si-elektronik.de\/wp-content\/uploads\/2025\/09\/lc2-handy-kombi-b-2048x1536.png 2048w, https:\/\/liquid-check-info.si-elektronik.de\/wp-content\/uploads\/2025\/09\/lc2-handy-kombi-b-120x90.png 120w\" sizes=\"(max-width: 535px) 100vw, 535px\" \/><\/p>\n\n\n\n\n\n\n\n\n\n\n\n\n\n\n\n\n\n<h4><strong>Liquid-Check SM2 bietet folgende Leistungsmerkmale:<\/strong><\/h4>\n\n\n\n<p>1. Gleichzeitige Messung von bis zu 4 verschiedenen Pegelsonden 4-20mA<\/p>\n\n\n\n<p>2. Bis zu 4 Temperatursensoren anschlie\u00dfbar (1-Wire)<\/p>\n\n\n\n<p>3. Dauererfassung der Messwerte im 2 Sek. Intervall<\/p>\n\n\n\n<p>4. Genaue Wiederholungsmessung<\/p>\n\n\n\n<p>5. Montage nicht direkt am Beh\u00e4lter\/Tank notwendig<\/p>\n\n\n\n<p>6. Einfache Kalibrierung der Pegelsonde<\/p>\n\n\n\n<p>7. Gute WLAN Verbindung, da Montageort w\u00e4hlbar<\/p>\n\n\n\n<p>8. Gute Stromversorgung, da Montageort w\u00e4hlbar<\/p>\n\n\n\n<p>9. Verbindung zum WLAN-Netzwerk \u00fcber WPS oder Hotspot<\/p>\n\n\n\n<p>10. Einstellung aller Parameter \u00fcber lokale Webseite<\/p>\n\n\n\n<p>11. Responsive Darstellung am Handy<\/p>\n\n\n\n<p>12. Keine separate App notwendig<\/p>\n\n\n\n<p>13. Einstellung verschiedener Beh\u00e4lterformen und Ma\u00dfe<\/p>\n\n\n\n<p>14. Eingabe einer Peiltabelle f\u00fcr komplexe Beh\u00e4lterformen<\/p>\n\n\n\n<p>15. Spezifische Dichte der Fl\u00fcssigkeit einstellbar<\/p>\n\n\n\n<p>16. Offset f\u00fcr Messposition (Position der Messsonde \u00fcber dem Beh\u00e4lterboden)<\/p>\n\n\n\n<p>17. Vier programmierbare Schaltrelais<\/p>\n\n\n\n<p>18. Einbindung in Smart-Home Systeme m\u00f6glich<\/p>\n\n\n\n<p>19. Industriedesign im spritzwassergesch\u00fctzten Geh\u00e4use<\/p>\n\n\n\n<p>Das elektronische Mess-System <strong><em>\u201eLiquid-Check<\/em> SM2 Multi-Kanal.\u201c<\/strong> erm\u00f6glicht die Messung von Pegelst\u00e4nden und Temperaturen sowie das Schalten von angeschlossenen Verbrauchern. Durch die Angabe von Beh\u00e4lterform und Abmessungen erfolgt auch die Umrechnung in Liter. Die Hauptnutzwerte sind daher, neben weiteren Angaben, die H\u00f6he des Pegelstandes in Meter, die Fl\u00fcssigkeitsmenge in Liter sowie die Temperatur von Medien oder Luft in \u00b0C. Die Darstellung der Messwerte erfolgt \u00fcber die Digitalanzeige am Ger\u00e4t sowie mittels W-LAN Verbindung \u00fcber einen PC oder ein Handy. Auch das Senden der Messwerte an unsere Cloud kann aktiviert werden. Da das Ger\u00e4t \u00fcber eine lokale Webseite verf\u00fcgt, k\u00f6nnen die Werte auch in Smarthome-Systeme eingebunden werden, die das Auslesen von Werten aus Webseiten z.B. im JSON-Format unterst\u00fctzen.<\/p>\n\n\n\n<p>Aufbau<\/p>\n\n\n\n<p>Das spritzwassergesch\u00fctzte Wandgeh\u00e4use des Liquid-Check Ind. beinhaltet, 4 Messstellen f\u00fcr den Anschluss von Pegelsensoren 4-20mA \/ 24V, LCD-Anzeige, W-Lan Modul sowie einen Erweiterungssteckplatz f\u00fcr ein GSM-Funkmodul. Des Weiteren verf\u00fcgt das Ger\u00e4t \u00fcber eine Schalteinheit mit 4 Relais (2 Wechsler, 2x Schlie\u00dfer) die \u00fcber einfach zu erstellende \u201eWenn Dann\u201c Bl\u00f6cke mit dem Handy oder PC programmiert werden k\u00f6nnen. Auch eine 1-Wire Schnittstelle ist enthalten, \u00fcber die bis zu vier Temperatursensoren angeschlossen werden k\u00f6nnen.<\/p>\n\n\n\n<p>Die Messsonden werden in den zu messenden Beh\u00e4ltern versenkt und \u00fcber ein 2 pol. Kabel mit der Auswerteeinheit verbunden. Das Kabel der Sonde kann auf die gew\u00fcnschte Entfernung bis 100m verl\u00e4ngert werden. Die Sensormembran besteht aus Edelstahl und das Kabel aus PVC. Eine Pr\u00fcfung der Materialvertr\u00e4glichkeit mit dem Messmedium wird empfohlen.<\/p>\n\n\n\n<p>Die Spannungsversorgung erfolgt im Standardger\u00e4t mit 100-240V AC, es ist aber auch eine Version erh\u00e4ltlich die mit 12V DC Versorgungsspannung arbeitet.<\/p>\n","protected":false},"excerpt":{"rendered":"<p>Liquid-Check SM2 Multi-Kanal IP64 NEU! Weitere Infos auf Anfrage Liquid-Check SM2 bietet folgende Leistungsmerkmale: 1. Gleichzeitige Messung von bis zu 4 verschiedenen Pegelsonden 4-20mA 2. Bis zu 4 Temperatursensoren anschlie\u00dfbar (1-Wire) 3. Dauererfassung der Messwerte im 2 Sek. Intervall 4. Genaue Wiederholungsmessung 5. Montage nicht direkt am Beh\u00e4lter\/Tank notwendig 6. Einfache Kalibrierung der Pegelsonde 7.&hellip;<\/p>\n","protected":false},"author":1,"featured_media":0,"parent":0,"menu_order":0,"comment_status":"closed","ping_status":"closed","template":"","meta":[],"translation":{"provider":"WPGlobus","version":"3.0.0","language":"en","enabled_languages":["de","en"],"languages":{"de":{"title":true,"content":true,"excerpt":false},"en":{"title":false,"content":false,"excerpt":false}}},"_links":{"self":[{"href":"https:\/\/liquid-check-info.si-elektronik.de\/en\/wp-json\/wp\/v2\/pages\/598"}],"collection":[{"href":"https:\/\/liquid-check-info.si-elektronik.de\/en\/wp-json\/wp\/v2\/pages"}],"about":[{"href":"https:\/\/liquid-check-info.si-elektronik.de\/en\/wp-json\/wp\/v2\/types\/page"}],"author":[{"embeddable":true,"href":"https:\/\/liquid-check-info.si-elektronik.de\/en\/wp-json\/wp\/v2\/users\/1"}],"replies":[{"embeddable":true,"href":"https:\/\/liquid-check-info.si-elektronik.de\/en\/wp-json\/wp\/v2\/comments?post=598"}],"version-history":[{"count":10,"href":"https:\/\/liquid-check-info.si-elektronik.de\/en\/wp-json\/wp\/v2\/pages\/598\/revisions"}],"predecessor-version":[{"id":611,"href":"https:\/\/liquid-check-info.si-elektronik.de\/en\/wp-json\/wp\/v2\/pages\/598\/revisions\/611"}],"wp:attachment":[{"href":"https:\/\/liquid-check-info.si-elektronik.de\/en\/wp-json\/wp\/v2\/media?parent=598"}],"curies":[{"name":"wp","href":"https:\/\/api.w.org\/{rel}","templated":true}]}}