{"id":26,"date":"2019-04-26T17:49:54","date_gmt":"2019-04-26T15:49:54","guid":{"rendered":"https:\/\/liquid-check-info.si-elektronik.de\/?page_id=26"},"modified":"2021-03-02T10:57:07","modified_gmt":"2021-03-02T09:57:07","slug":"impressum","status":"publish","type":"page","link":"https:\/\/liquid-check-info.si-elektronik.de\/en\/impressum","title":{"rendered":"Impressum"},"content":{"rendered":"\n<h2>Angaben gem\u00e4\u00df \u00a7 5 TMG:<\/h2>\n<p><strong>Verantwortlich:<\/strong><\/p>\n<address>SI-Elektronik GmbH<br \/>Max Planck Str.5<br \/>63477 Maintal<br \/>Vertreten durch: Ralf Euler, Ronald Malkmus<\/address><address>\u00a0<\/address><address><img decoding=\"async\" src=\"https:\/\/musicmodule.si-elektronik.de\/assets\/img\/address.png\" alt=\"\" \/><\/address><address><address>Registereintrag<br \/>Eintragung im Handelsregister<br \/>Registergericht: Hanau<br \/>Registernummer: HRB 4476<\/address><br \/>Umsatzsteuer-ID<br \/>Umsatzsteuer-Identifikationsnummer:<br \/>DE113584787<br \/><br \/>\n<h3>Streitschlichtung<\/h3>\nDie Europ\u00e4ische Kommission stellt eine Plattform zur Online-Streitbeilegung (OS) bereit: <a href=\"https:\/\/ec.europa.eu\/consumers\/odr\/main\/\">https:\/\/ec.europa.eu\/consumers\/odr<\/a>. Unsere E-Mail-Adresse finden Sie oben im Impressum. Wir sind nicht bereit oder verpflichtet, an Streitbeilegungsverfahren vor einer Verbraucherschlichtungsstelle teilzunehmen.\n<h3>Haftung f\u00fcr Inhalte<\/h3>\nAls Diensteanbieter sind wir gem\u00e4\u00df \u00a7 7 Abs.1 TMG f\u00fcr eigene Inhalte auf diesen Seiten nach den allgemeinen Gesetzen verantwortlich. Nach \u00a7\u00a7 8 bis 10 TMG sind wir als Diensteanbieter jedoch nicht verpflichtet, \u00fcbermittelte oder gespeicherte fremde Informationen zu \u00fcberwachen oder nach Umst\u00e4nden zu forschen, die auf eine rechtswidrige T\u00e4tigkeit hinweisen. Verpflichtungen zur Entfernung oder Sperrung der Nutzung von Informationen nach den allgemeinen Gesetzen bleiben hiervon unber\u00fchrt. Eine diesbez\u00fcgliche Haftung ist jedoch erst ab dem Zeitpunkt der Kenntnis einer konkreten Rechtsverletzung m\u00f6glich. Bei Bekanntwerden von entsprechenden Rechtsverletzungen werden wir diese Inhalte umgehend entfernen.\n<h3>Haftung f\u00fcr Links<\/h3>\nUnser Angebot enth\u00e4lt Links zu externen Websites Dritter, auf deren Inhalte wir keinen Einfluss haben. Deshalb k\u00f6nnen wir f\u00fcr diese fremden Inhalte auch keine Gew\u00e4hr \u00fcbernehmen. F\u00fcr die Inhalte der verlinkten Seiten ist stets der jeweilige Anbieter oder Betreiber der Seiten verantwortlich. Die verlinkten Seiten wurden zum Zeitpunkt der Verlinkung auf m\u00f6gliche Rechtsverst\u00f6\u00dfe \u00fcberpr\u00fcft. Rechtswidrige Inhalte waren zum Zeitpunkt der Verlinkung nicht erkennbar. Eine permanente inhaltliche Kontrolle der verlinkten Seiten ist jedoch ohne konkrete Anhaltspunkte einer Rechtsverletzung nicht zumutbar. Bei Bekanntwerden von Rechtsverletzungen werden wir derartige Links umgehend entfernen.\n<h3>Urheberrecht<\/h3>\nDie durch die Seitenbetreiber erstellten Inhalte und Werke auf diesen Seiten unterliegen dem deutschen Urheberrecht. Die Vervielf\u00e4ltigung, Bearbeitung, Verbreitung und jede Art der Verwertung au\u00dferhalb der Grenzen des Urheberrechtes bed\u00fcrfen der schriftlichen Zustimmung des jeweiligen Autors bzw. Erstellers. Downloads und Kopien dieser Seite sind nur f\u00fcr den privaten, nicht kommerziellen Gebrauch gestattet. Soweit die Inhalte auf dieser Seite nicht vom Betreiber erstellt wurden, werden die Urheberrechte Dritter beachtet. Insbesondere werden Inhalte Dritter als solche gekennzeichnet. Sollten Sie trotzdem auf eine Urheberrechtsverletzung aufmerksam werden, bitten wir um einen entsprechenden Hinweis. Bei Bekanntwerden von Rechtsverletzungen werden wir derartige Inhalte umgehend entfernen.\n<h3>Fotos \/ Quellennachweis<\/h3>\nAusgew\u00e4hlte Bilder wurden selbst erstellt oder sind als Bildlizenz \u00a9 DigitalGenetics \u2013 Fotolia.com, pixelio.de sowie von istockphoto lizensiert <br \/><br \/>SI-Elektronik GmbH \u00fcbernimmt keine Garantie f\u00fcr die Vollst\u00e4ndigkeit, die Richtigkeit, und die Aktualit\u00e4t der auf dieser Website bereitgestellten Informationen. Dies gilt auch f\u00fcr alle Links, auf die diese Website direkt oder indirekt verweist. Weiterhin beh\u00e4lt sich SI-Elektronik GmbH das Recht vor, ohne vorherige Ank\u00fcndigung, \u00c4nderungen oder Erg\u00e4nzungen der auf dieser Website bereitgestellten Inhalte und Informationen vorzunehmen. <br \/><br \/><a href=\"https:\/\/liquid-check-info.si-elektronik.de\/datenschutzerklaerung\">Datenschutzerkl\u00e4rung<\/a><\/address>\n","protected":false},"excerpt":{"rendered":"<p>Angaben gem\u00e4\u00df \u00a7 5 TMG: Verantwortlich: SI-Elektronik GmbHMax Planck Str.563477 MaintalVertreten durch: Ralf Euler, Ronald Malkmus \u00a0 RegistereintragEintragung im HandelsregisterRegistergericht: HanauRegisternummer: HRB 4476 Umsatzsteuer-IDUmsatzsteuer-Identifikationsnummer:DE113584787 Streitschlichtung Die Europ\u00e4ische Kommission stellt eine Plattform zur Online-Streitbeilegung (OS) bereit: https:\/\/ec.europa.eu\/consumers\/odr. Unsere E-Mail-Adresse finden Sie oben im Impressum. Wir sind nicht bereit oder verpflichtet, an Streitbeilegungsverfahren vor einer Verbraucherschlichtungsstelle teilzunehmen.&hellip;<\/p>\n","protected":false},"author":1,"featured_media":0,"parent":0,"menu_order":0,"comment_status":"closed","ping_status":"closed","template":"","meta":[],"translation":{"provider":"WPGlobus","version":"3.0.0","language":"en","enabled_languages":["de","en"],"languages":{"de":{"title":true,"content":true,"excerpt":false},"en":{"title":false,"content":false,"excerpt":false}}},"_links":{"self":[{"href":"https:\/\/liquid-check-info.si-elektronik.de\/en\/wp-json\/wp\/v2\/pages\/26"}],"collection":[{"href":"https:\/\/liquid-check-info.si-elektronik.de\/en\/wp-json\/wp\/v2\/pages"}],"about":[{"href":"https:\/\/liquid-check-info.si-elektronik.de\/en\/wp-json\/wp\/v2\/types\/page"}],"author":[{"embeddable":true,"href":"https:\/\/liquid-check-info.si-elektronik.de\/en\/wp-json\/wp\/v2\/users\/1"}],"replies":[{"embeddable":true,"href":"https:\/\/liquid-check-info.si-elektronik.de\/en\/wp-json\/wp\/v2\/comments?post=26"}],"version-history":[{"count":5,"href":"https:\/\/liquid-check-info.si-elektronik.de\/en\/wp-json\/wp\/v2\/pages\/26\/revisions"}],"predecessor-version":[{"id":443,"href":"https:\/\/liquid-check-info.si-elektronik.de\/en\/wp-json\/wp\/v2\/pages\/26\/revisions\/443"}],"wp:attachment":[{"href":"https:\/\/liquid-check-info.si-elektronik.de\/en\/wp-json\/wp\/v2\/media?parent=26"}],"curies":[{"name":"wp","href":"https:\/\/api.w.org\/{rel}","templated":true}]}}